{"id":14228,"date":"2026-02-10T10:17:42","date_gmt":"2026-02-10T10:17:42","guid":{"rendered":"https:\/\/bolk.com\/kranservice\/"},"modified":"2026-02-10T12:25:22","modified_gmt":"2026-02-10T12:25:22","slug":"kranservice","status":"publish","type":"page","link":"https:\/\/bolk.com\/de\/transport\/kranservice\/","title":{"rendered":"Kranservice"},"content":{"rendered":"\t\t<div data-elementor-type=\"wp-page\" data-elementor-id=\"14228\" class=\"elementor elementor-14228 elementor-14220\" data-elementor-post-type=\"page\">\n\t\t\t\t\t\t<section class=\"elementor-section elementor-top-section elementor-element elementor-element-21e2e056 elementor-section-boxed elementor-section-height-default elementor-section-height-default\" data-id=\"21e2e056\" data-element_type=\"section\" data-e-type=\"section\">\n\t\t\t\t\t\t<div class=\"elementor-container elementor-column-gap-default\">\n\t\t\t\t\t<div class=\"elementor-column elementor-col-100 elementor-top-column elementor-element elementor-element-722b59c9\" data-id=\"722b59c9\" data-element_type=\"column\" data-e-type=\"column\">\n\t\t\t<div class=\"elementor-widget-wrap elementor-element-populated\">\n\t\t\t\t\t\t<div class=\"elementor-element elementor-element-40a43176 elementor-widget elementor-widget-text-editor\" data-id=\"40a43176\" data-element_type=\"widget\" data-e-type=\"widget\" data-widget_type=\"text-editor.default\">\n\t\t\t\t<div class=\"elementor-widget-container\">\n\t\t\t\t\t\t\t\t\t<p data-start=\"170\" data-end=\"563\">Bolk Craneservice GmbH hat sich auf Service und Wartung von Krananlagen jeder Gr\u00f6\u00dfe spezialisiert, darunter Hafenkrane, St\u00fcckgutkrane, Greiferkrane und Containerkrane.<br data-start=\"341\" data-end=\"344\" \/>Zugeh\u00f6rige Arbeiten wie Stahlbau, Getriebe\u00fcberholungen, (Reduktor-)Revisionen, Hub-\/Schlie\u00dfwerksrevisionen, Oberwerksrevisionen sowie Modifikationen f\u00fchren wir eigenst\u00e4ndig aus \u2013 zur gro\u00dfen Zufriedenheit unserer Kunden.<\/p>\r\n<p data-start=\"565\" data-end=\"806\">Bolk Craneservice GmbH realisiert Projekte jeder Gr\u00f6\u00dfenordnung. Neben Gro\u00dfprojekten ist das Unternehmen auch auf kleinere, arbeitsintensive Projekte eingestellt. Unsere moderne Betriebsf\u00fchrung steht f\u00fcr Sicherheit, Qualit\u00e4t und Umweltschutz.<\/p>\r\n<p data-start=\"808\" data-end=\"825\"><strong>Inspektionen<\/strong><\/p>\r\n<p data-start=\"826\" data-end=\"1089\">Kraninspektionen dienen der Gew\u00e4hrleistung der Sicherheit und Funktion Ihrer Krananlage. Dabei werden Verschlei\u00dferscheinungen erfasst und Wartungsbedarfe identifiziert. Zudem wird gepr\u00fcft, ob der Kran den aktuellen gesetzlichen Vorschriften und Normen entspricht.<\/p>\r\n<p data-start=\"1091\" data-end=\"1108\"><strong>24\/7 Service<\/strong><\/p>\r\n<p data-start=\"1109\" data-end=\"1716\">F\u00fcr die Erstellung unserer Serviceprogramme analysieren wir Ihre Nutzung, die Einsatzumgebung sowie Ihre Kranspezifikationen, Nutzungsklasse, Servicehistorie und Herstellerempfehlungen. Nur so k\u00f6nnen wir eine fundierte Beratung zur Reduzierung von Stillstandszeiten sowie zur Verbesserung von Lebensdauer und Sicherheit bieten.<br data-start=\"1436\" data-end=\"1439\" \/>Die rechtzeitige Reparatur und\/oder der Austausch von Bauteilen ist oft unerl\u00e4sslich, um die Betriebssicherheit zu gew\u00e4hrleisten. In Abstimmung mit Ihrer Planung f\u00fchren wir diese Arbeiten aus, um Stillstandszeiten zu minimieren \u2013 und stehen Ihnen rund um die Uhr zur Verf\u00fcgung.<\/p>\r\n<p data-start=\"1718\" data-end=\"1737\"><strong>Modernisierung<\/strong><\/p>\r\n<p data-start=\"1738\" data-end=\"2149\">Bolk Craneservice GmbH vermittelt gebrauchte Umschlagkrane. Der Stahl wird wiederverwendet, w\u00e4hrend andere Komponenten in neuwertigen Zustand versetzt werden. Dies ist finanziell \u00e4u\u00dferst attraktiv und erm\u00f6glicht kurze Lieferzeiten.<br data-start=\"1969\" data-end=\"1972\" \/>Der Kran entspricht anschlie\u00dfend den neuesten Normen, bietet h\u00f6here Geschwindigkeit und Kapazit\u00e4t, verbesserte Sicherheit sowie eine optimale Arbeitsumgebung f\u00fcr den Kranf\u00fchrer.<\/p>\r\n<p data-start=\"2151\" data-end=\"2312\">Dar\u00fcber hinaus k\u00f6nnen wir Krane vollautomatisch oder halbautomatisch ausstatten. Die Integration dieser Systeme erfolgt \u00fcber Netzwerke wie Profinet und Profibus.<\/p>\r\n<p data-start=\"2314\" data-end=\"2330\"><strong>Ersatzteile<\/strong><\/p>\r\n<p data-start=\"2331\" data-end=\"2524\">Sind Sie auf der Suche nach Ersatzteilen f\u00fcr Ihren Kran? Wir bieten ein breites Sortiment an elektrischen und mechanischen Komponenten sowie Antriebe, Getriebe, Schienen, Laufwerke und Kabinen.<\/p>\t\t\t\t\t\t\t\t<\/div>\n\t\t\t\t<\/div>\n\t\t\t\t\t<\/div>\n\t\t<\/div>\n\t\t\t\t\t<\/div>\n\t\t<\/section>\n\t\t\t\t<section class=\"elementor-section elementor-top-section elementor-element elementor-element-1f0b8ae elementor-section-boxed elementor-section-height-default elementor-section-height-default\" data-id=\"1f0b8ae\" data-element_type=\"section\" data-e-type=\"section\">\n\t\t\t\t\t\t<div class=\"elementor-container elementor-column-gap-default\">\n\t\t\t\t\t<div class=\"elementor-column elementor-col-100 elementor-top-column elementor-element elementor-element-0bb9f7a\" data-id=\"0bb9f7a\" data-element_type=\"column\" data-e-type=\"column\">\n\t\t\t<div class=\"elementor-widget-wrap elementor-element-populated\">\n\t\t\t\t\t\t<div class=\"elementor-element elementor-element-6cc8567 elementor-widget elementor-widget-gallery\" data-id=\"6cc8567\" data-element_type=\"widget\" data-e-type=\"widget\" data-settings=\"{&quot;lazyload&quot;:&quot;yes&quot;,&quot;gallery_layout&quot;:&quot;grid&quot;,&quot;columns&quot;:4,&quot;columns_tablet&quot;:2,&quot;columns_mobile&quot;:1,&quot;gap&quot;:{&quot;unit&quot;:&quot;px&quot;,&quot;size&quot;:10,&quot;sizes&quot;:[]},&quot;gap_tablet&quot;:{&quot;unit&quot;:&quot;px&quot;,&quot;size&quot;:10,&quot;sizes&quot;:[]},&quot;gap_mobile&quot;:{&quot;unit&quot;:&quot;px&quot;,&quot;size&quot;:10,&quot;sizes&quot;:[]},&quot;link_to&quot;:&quot;file&quot;,&quot;aspect_ratio&quot;:&quot;3:2&quot;,&quot;overlay_background&quot;:&quot;yes&quot;,&quot;content_hover_animation&quot;:&quot;fade-in&quot;}\" data-widget_type=\"gallery.default\">\n\t\t\t\t<div class=\"elementor-widget-container\">\n\t\t\t\t\t\t\t<div class=\"elementor-gallery__container\">\n\t\t\t\t\t\t\t<a class=\"e-gallery-item elementor-gallery-item elementor-animated-content\" href=\"https:\/\/bolk.com\/wp-content\/uploads\/2026\/02\/DSC_0056.avif\" data-elementor-open-lightbox=\"yes\" data-elementor-lightbox-slideshow=\"6cc8567\" data-elementor-lightbox-title=\"DSC_0056\" data-e-action-hash=\"#elementor-action%3Aaction%3Dlightbox%26settings%3DeyJpZCI6MTQyMzUsInVybCI6Imh0dHBzOlwvXC9ib2xrLmNvbVwvd3AtY29udGVudFwvdXBsb2Fkc1wvMjAyNlwvMDJcL0RTQ18wMDU2LmF2aWYiLCJzbGlkZXNob3ciOiI2Y2M4NTY3In0%3D\">\n\t\t\t\t\t<div class=\"e-gallery-image elementor-gallery-item__image\" data-thumbnail=\"https:\/\/bolk.com\/wp-content\/uploads\/2026\/02\/DSC_0056-300x200.avif\" data-width=\"300\" data-height=\"200\" aria-label=\"Bolk Craneservice demonteert een containerkraan\" role=\"img\" ><\/div>\n\t\t\t\t\t\t\t\t\t\t\t<div class=\"elementor-gallery-item__overlay\"><\/div>\n\t\t\t\t\t\t\t\t\t\t\t\t\t\t<\/a>\n\t\t\t\t\t\t\t<a class=\"e-gallery-item elementor-gallery-item elementor-animated-content\" href=\"https:\/\/bolk.com\/wp-content\/uploads\/2026\/02\/DSC_0122.avif\" data-elementor-open-lightbox=\"yes\" data-elementor-lightbox-slideshow=\"6cc8567\" data-elementor-lightbox-title=\"DSC_0122\" data-e-action-hash=\"#elementor-action%3Aaction%3Dlightbox%26settings%3DeyJpZCI6MTQyNDEsInVybCI6Imh0dHBzOlwvXC9ib2xrLmNvbVwvd3AtY29udGVudFwvdXBsb2Fkc1wvMjAyNlwvMDJcL0RTQ18wMTIyLmF2aWYiLCJzbGlkZXNob3ciOiI2Y2M4NTY3In0%3D\">\n\t\t\t\t\t<div class=\"e-gallery-image elementor-gallery-item__image\" data-thumbnail=\"https:\/\/bolk.com\/wp-content\/uploads\/2026\/02\/DSC_0122-300x200.avif\" data-width=\"300\" data-height=\"200\" aria-label=\"Bolk Craneservice demonteert een containerkraan\" role=\"img\" ><\/div>\n\t\t\t\t\t\t\t\t\t\t\t<div class=\"elementor-gallery-item__overlay\"><\/div>\n\t\t\t\t\t\t\t\t\t\t\t\t\t\t<\/a>\n\t\t\t\t\t\t\t<a class=\"e-gallery-item elementor-gallery-item elementor-animated-content\" href=\"https:\/\/bolk.com\/wp-content\/uploads\/2026\/02\/DSC_0099.avif\" data-elementor-open-lightbox=\"yes\" data-elementor-lightbox-slideshow=\"6cc8567\" data-elementor-lightbox-title=\"DSC_0099\" data-e-action-hash=\"#elementor-action%3Aaction%3Dlightbox%26settings%3DeyJpZCI6MTQyMzgsInVybCI6Imh0dHBzOlwvXC9ib2xrLmNvbVwvd3AtY29udGVudFwvdXBsb2Fkc1wvMjAyNlwvMDJcL0RTQ18wMDk5LmF2aWYiLCJzbGlkZXNob3ciOiI2Y2M4NTY3In0%3D\">\n\t\t\t\t\t<div class=\"e-gallery-image elementor-gallery-item__image\" data-thumbnail=\"https:\/\/bolk.com\/wp-content\/uploads\/2026\/02\/DSC_0099-300x200.avif\" data-width=\"300\" data-height=\"200\" aria-label=\"Bolk Craneservice demonteert een containerkraan\" role=\"img\" ><\/div>\n\t\t\t\t\t\t\t\t\t\t\t<div class=\"elementor-gallery-item__overlay\"><\/div>\n\t\t\t\t\t\t\t\t\t\t\t\t\t\t<\/a>\n\t\t\t\t\t\t\t<a class=\"e-gallery-item elementor-gallery-item elementor-animated-content\" href=\"https:\/\/bolk.com\/wp-content\/uploads\/2026\/02\/DSC_0169.avif\" data-elementor-open-lightbox=\"yes\" data-elementor-lightbox-slideshow=\"6cc8567\" data-elementor-lightbox-title=\"DSC_0169\" data-e-action-hash=\"#elementor-action%3Aaction%3Dlightbox%26settings%3DeyJpZCI6MTQyNDQsInVybCI6Imh0dHBzOlwvXC9ib2xrLmNvbVwvd3AtY29udGVudFwvdXBsb2Fkc1wvMjAyNlwvMDJcL0RTQ18wMTY5LmF2aWYiLCJzbGlkZXNob3ciOiI2Y2M4NTY3In0%3D\">\n\t\t\t\t\t<div class=\"e-gallery-image elementor-gallery-item__image\" data-thumbnail=\"https:\/\/bolk.com\/wp-content\/uploads\/2026\/02\/DSC_0169-300x200.avif\" data-width=\"300\" data-height=\"200\" aria-label=\"Bolk Craneservice demonteert een containerkraan\" role=\"img\" ><\/div>\n\t\t\t\t\t\t\t\t\t\t\t<div class=\"elementor-gallery-item__overlay\"><\/div>\n\t\t\t\t\t\t\t\t\t\t\t\t\t\t<\/a>\n\t\t\t\t\t<\/div>\n\t\t\t\t\t<\/div>\n\t\t\t\t<\/div>\n\t\t\t\t\t<\/div>\n\t\t<\/div>\n\t\t\t\t\t<\/div>\n\t\t<\/section>\n\t\t\t\t<\/div>\n\t\t","protected":false},"excerpt":{"rendered":"<p>Bolk Craneservice GmbH hat sich auf Service und Wartung von Krananlagen jeder Gr\u00f6\u00dfe spezialisiert, darunter Hafenkrane, St\u00fcckgutkrane, Greiferkrane und Containerkrane.Zugeh\u00f6rige Arbeiten wie Stahlbau, Getriebe\u00fcberholungen, (Reduktor-)Revisionen, Hub-\/Schlie\u00dfwerksrevisionen, Oberwerksrevisionen sowie Modifikationen f\u00fchren wir eigenst\u00e4ndig aus \u2013 zur gro\u00dfen Zufriedenheit unserer Kunden. Bolk Craneservice GmbH realisiert Projekte jeder Gr\u00f6\u00dfenordnung. Neben Gro\u00dfprojekten ist das Unternehmen auch auf kleinere, arbeitsintensive [&hellip;]<\/p>\n","protected":false},"author":2,"featured_media":14223,"parent":7471,"menu_order":0,"comment_status":"closed","ping_status":"closed","template":"","meta":{"_acf_changed":false,"inline_featured_image":false,"footnotes":""},"class_list":["post-14228","page","type-page","status-publish","has-post-thumbnail","hentry"],"acf":[],"yoast_head":"<!-- This site is optimized with the Yoast SEO plugin v27.3 - https:\/\/yoast.com\/product\/yoast-seo-wordpress\/ -->\n<title>Kranservice - Bolk Transport<\/title>\n<meta name=\"description\" content=\"Spezialist f\u00fcr Wartung, Inspektionen, Revisionen und Modernisierung von Hafen-, Container- und Greiferkranen. Bolk Craneservice bietet 24\/7-Service und Ersatzteile.\" \/>\n<meta name=\"robots\" content=\"index, follow, max-snippet:-1, max-image-preview:large, max-video-preview:-1\" \/>\n<link rel=\"canonical\" href=\"https:\/\/bolk.com\/de\/transport\/kranservice\/\" \/>\n<meta property=\"og:locale\" content=\"de_DE\" \/>\n<meta property=\"og:type\" content=\"article\" \/>\n<meta property=\"og:title\" content=\"Kranservice - Bolk Transport\" \/>\n<meta property=\"og:description\" content=\"Spezialist f\u00fcr Wartung, Inspektionen, Revisionen und Modernisierung von Hafen-, Container- und Greiferkranen. Bolk Craneservice bietet 24\/7-Service und Ersatzteile.\" \/>\n<meta property=\"og:url\" content=\"https:\/\/bolk.com\/de\/transport\/kranservice\/\" \/>\n<meta property=\"og:site_name\" content=\"Bolk Transport\" \/>\n<meta property=\"article:publisher\" content=\"https:\/\/www.facebook.com\/BolkTransport\" \/>\n<meta property=\"article:modified_time\" content=\"2026-02-10T12:25:22+00:00\" \/>\n<meta name=\"twitter:card\" content=\"summary_large_image\" \/>\n<meta name=\"twitter:label1\" content=\"Gesch\u00e4tzte Lesezeit\" \/>\n\t<meta name=\"twitter:data1\" content=\"2\u00a0Minuten\" \/>\n<script type=\"application\/ld+json\" class=\"yoast-schema-graph\">{\"@context\":\"https:\\\/\\\/schema.org\",\"@graph\":[{\"@type\":\"WebPage\",\"@id\":\"https:\\\/\\\/bolk.com\\\/de\\\/transport\\\/kranservice\\\/\",\"url\":\"https:\\\/\\\/bolk.com\\\/de\\\/transport\\\/kranservice\\\/\",\"name\":\"Kranservice - Bolk Transport\",\"isPartOf\":{\"@id\":\"https:\\\/\\\/bolk.com\\\/de\\\/#website\"},\"primaryImageOfPage\":{\"@id\":\"https:\\\/\\\/bolk.com\\\/de\\\/transport\\\/kranservice\\\/#primaryimage\"},\"image\":{\"@id\":\"https:\\\/\\\/bolk.com\\\/de\\\/transport\\\/kranservice\\\/#primaryimage\"},\"thumbnailUrl\":\"https:\\\/\\\/bolk.com\\\/wp-content\\\/uploads\\\/2026\\\/02\\\/ADSC_0153.avif\",\"datePublished\":\"2026-02-10T10:17:42+00:00\",\"dateModified\":\"2026-02-10T12:25:22+00:00\",\"description\":\"Spezialist f\u00fcr Wartung, Inspektionen, Revisionen und Modernisierung von Hafen-, Container- und Greiferkranen. Bolk Craneservice bietet 24\\\/7-Service und Ersatzteile.\",\"breadcrumb\":{\"@id\":\"https:\\\/\\\/bolk.com\\\/de\\\/transport\\\/kranservice\\\/#breadcrumb\"},\"inLanguage\":\"de\",\"potentialAction\":[{\"@type\":\"ReadAction\",\"target\":[\"https:\\\/\\\/bolk.com\\\/de\\\/transport\\\/kranservice\\\/\"]}]},{\"@type\":\"ImageObject\",\"inLanguage\":\"de\",\"@id\":\"https:\\\/\\\/bolk.com\\\/de\\\/transport\\\/kranservice\\\/#primaryimage\",\"url\":\"https:\\\/\\\/bolk.com\\\/wp-content\\\/uploads\\\/2026\\\/02\\\/ADSC_0153.avif\",\"contentUrl\":\"https:\\\/\\\/bolk.com\\\/wp-content\\\/uploads\\\/2026\\\/02\\\/ADSC_0153.avif\",\"width\":2048,\"height\":647,\"caption\":\"Bolk Craneservice demonteert een containerkraan\"},{\"@type\":\"BreadcrumbList\",\"@id\":\"https:\\\/\\\/bolk.com\\\/de\\\/transport\\\/kranservice\\\/#breadcrumb\",\"itemListElement\":[{\"@type\":\"ListItem\",\"position\":1,\"name\":\"Home\",\"item\":\"https:\\\/\\\/bolk.com\\\/de\\\/\"},{\"@type\":\"ListItem\",\"position\":2,\"name\":\"Kranservice\"}]},{\"@type\":\"WebSite\",\"@id\":\"https:\\\/\\\/bolk.com\\\/de\\\/#website\",\"url\":\"https:\\\/\\\/bolk.com\\\/de\\\/\",\"name\":\"Bolk Transport\",\"description\":\"Samen vooruit\",\"publisher\":{\"@id\":\"https:\\\/\\\/bolk.com\\\/de\\\/#organization\"},\"potentialAction\":[{\"@type\":\"SearchAction\",\"target\":{\"@type\":\"EntryPoint\",\"urlTemplate\":\"https:\\\/\\\/bolk.com\\\/de\\\/?s={search_term_string}\"},\"query-input\":{\"@type\":\"PropertyValueSpecification\",\"valueRequired\":true,\"valueName\":\"search_term_string\"}}],\"inLanguage\":\"de\"},{\"@type\":\"Organization\",\"@id\":\"https:\\\/\\\/bolk.com\\\/de\\\/#organization\",\"name\":\"Bolk Transport\",\"url\":\"https:\\\/\\\/bolk.com\\\/de\\\/\",\"logo\":{\"@type\":\"ImageObject\",\"inLanguage\":\"de\",\"@id\":\"https:\\\/\\\/bolk.com\\\/de\\\/#\\\/schema\\\/logo\\\/image\\\/\",\"url\":\"https:\\\/\\\/bolk.com\\\/wp-content\\\/uploads\\\/2021\\\/03\\\/Logo-bolk.svg\",\"contentUrl\":\"https:\\\/\\\/bolk.com\\\/wp-content\\\/uploads\\\/2021\\\/03\\\/Logo-bolk.svg\",\"width\":841,\"height\":595,\"caption\":\"Bolk Transport\"},\"image\":{\"@id\":\"https:\\\/\\\/bolk.com\\\/de\\\/#\\\/schema\\\/logo\\\/image\\\/\"},\"sameAs\":[\"https:\\\/\\\/www.facebook.com\\\/BolkTransport\",\"https:\\\/\\\/www.linkedin.com\\\/company\\\/bolk-transport-bv\\\/\",\"https:\\\/\\\/www.youtube.com\\\/channel\\\/UCN-WbgycaDNGRM1CRMfgItg\"]}]}<\/script>\n<!-- \/ Yoast SEO plugin. -->","yoast_head_json":{"title":"Kranservice - Bolk Transport","description":"Spezialist f\u00fcr Wartung, Inspektionen, Revisionen und Modernisierung von Hafen-, Container- und Greiferkranen. Bolk Craneservice bietet 24\/7-Service und Ersatzteile.","robots":{"index":"index","follow":"follow","max-snippet":"max-snippet:-1","max-image-preview":"max-image-preview:large","max-video-preview":"max-video-preview:-1"},"canonical":"https:\/\/bolk.com\/de\/transport\/kranservice\/","og_locale":"de_DE","og_type":"article","og_title":"Kranservice - Bolk Transport","og_description":"Spezialist f\u00fcr Wartung, Inspektionen, Revisionen und Modernisierung von Hafen-, Container- und Greiferkranen. Bolk Craneservice bietet 24\/7-Service und Ersatzteile.","og_url":"https:\/\/bolk.com\/de\/transport\/kranservice\/","og_site_name":"Bolk Transport","article_publisher":"https:\/\/www.facebook.com\/BolkTransport","article_modified_time":"2026-02-10T12:25:22+00:00","twitter_card":"summary_large_image","twitter_misc":{"Gesch\u00e4tzte Lesezeit":"2\u00a0Minuten"},"schema":{"@context":"https:\/\/schema.org","@graph":[{"@type":"WebPage","@id":"https:\/\/bolk.com\/de\/transport\/kranservice\/","url":"https:\/\/bolk.com\/de\/transport\/kranservice\/","name":"Kranservice - Bolk Transport","isPartOf":{"@id":"https:\/\/bolk.com\/de\/#website"},"primaryImageOfPage":{"@id":"https:\/\/bolk.com\/de\/transport\/kranservice\/#primaryimage"},"image":{"@id":"https:\/\/bolk.com\/de\/transport\/kranservice\/#primaryimage"},"thumbnailUrl":"https:\/\/bolk.com\/wp-content\/uploads\/2026\/02\/ADSC_0153.avif","datePublished":"2026-02-10T10:17:42+00:00","dateModified":"2026-02-10T12:25:22+00:00","description":"Spezialist f\u00fcr Wartung, Inspektionen, Revisionen und Modernisierung von Hafen-, Container- und Greiferkranen. Bolk Craneservice bietet 24\/7-Service und Ersatzteile.","breadcrumb":{"@id":"https:\/\/bolk.com\/de\/transport\/kranservice\/#breadcrumb"},"inLanguage":"de","potentialAction":[{"@type":"ReadAction","target":["https:\/\/bolk.com\/de\/transport\/kranservice\/"]}]},{"@type":"ImageObject","inLanguage":"de","@id":"https:\/\/bolk.com\/de\/transport\/kranservice\/#primaryimage","url":"https:\/\/bolk.com\/wp-content\/uploads\/2026\/02\/ADSC_0153.avif","contentUrl":"https:\/\/bolk.com\/wp-content\/uploads\/2026\/02\/ADSC_0153.avif","width":2048,"height":647,"caption":"Bolk Craneservice demonteert een containerkraan"},{"@type":"BreadcrumbList","@id":"https:\/\/bolk.com\/de\/transport\/kranservice\/#breadcrumb","itemListElement":[{"@type":"ListItem","position":1,"name":"Home","item":"https:\/\/bolk.com\/de\/"},{"@type":"ListItem","position":2,"name":"Kranservice"}]},{"@type":"WebSite","@id":"https:\/\/bolk.com\/de\/#website","url":"https:\/\/bolk.com\/de\/","name":"Bolk Transport","description":"Samen vooruit","publisher":{"@id":"https:\/\/bolk.com\/de\/#organization"},"potentialAction":[{"@type":"SearchAction","target":{"@type":"EntryPoint","urlTemplate":"https:\/\/bolk.com\/de\/?s={search_term_string}"},"query-input":{"@type":"PropertyValueSpecification","valueRequired":true,"valueName":"search_term_string"}}],"inLanguage":"de"},{"@type":"Organization","@id":"https:\/\/bolk.com\/de\/#organization","name":"Bolk Transport","url":"https:\/\/bolk.com\/de\/","logo":{"@type":"ImageObject","inLanguage":"de","@id":"https:\/\/bolk.com\/de\/#\/schema\/logo\/image\/","url":"https:\/\/bolk.com\/wp-content\/uploads\/2021\/03\/Logo-bolk.svg","contentUrl":"https:\/\/bolk.com\/wp-content\/uploads\/2021\/03\/Logo-bolk.svg","width":841,"height":595,"caption":"Bolk Transport"},"image":{"@id":"https:\/\/bolk.com\/de\/#\/schema\/logo\/image\/"},"sameAs":["https:\/\/www.facebook.com\/BolkTransport","https:\/\/www.linkedin.com\/company\/bolk-transport-bv\/","https:\/\/www.youtube.com\/channel\/UCN-WbgycaDNGRM1CRMfgItg"]}]}},"_links":{"self":[{"href":"https:\/\/bolk.com\/de\/wp-json\/wp\/v2\/pages\/14228","targetHints":{"allow":["GET"]}}],"collection":[{"href":"https:\/\/bolk.com\/de\/wp-json\/wp\/v2\/pages"}],"about":[{"href":"https:\/\/bolk.com\/de\/wp-json\/wp\/v2\/types\/page"}],"author":[{"embeddable":true,"href":"https:\/\/bolk.com\/de\/wp-json\/wp\/v2\/users\/2"}],"replies":[{"embeddable":true,"href":"https:\/\/bolk.com\/de\/wp-json\/wp\/v2\/comments?post=14228"}],"version-history":[{"count":7,"href":"https:\/\/bolk.com\/de\/wp-json\/wp\/v2\/pages\/14228\/revisions"}],"predecessor-version":[{"id":14259,"href":"https:\/\/bolk.com\/de\/wp-json\/wp\/v2\/pages\/14228\/revisions\/14259"}],"up":[{"embeddable":true,"href":"https:\/\/bolk.com\/de\/wp-json\/wp\/v2\/pages\/7471"}],"wp:featuredmedia":[{"embeddable":true,"href":"https:\/\/bolk.com\/de\/wp-json\/wp\/v2\/media\/14223"}],"wp:attachment":[{"href":"https:\/\/bolk.com\/de\/wp-json\/wp\/v2\/media?parent=14228"}],"curies":[{"name":"wp","href":"https:\/\/api.w.org\/{rel}","templated":true}]}}